{"id":23,"date":"2021-03-11T12:57:17","date_gmt":"2021-03-11T12:57:17","guid":{"rendered":"http:\/\/www.camino.stronazen.pl\/fornirex\/?page_id=23"},"modified":"2022-01-20T17:42:20","modified_gmt":"2022-01-20T17:42:20","slug":"o-firmie","status":"publish","type":"page","link":"http:\/\/www.camino.stronazen.pl\/fornirex\/index.php\/o-firmie\/","title":{"rendered":"O firmie Fornirex"},"content":{"rendered":"\t\t<div data-elementor-type=\"wp-page\" data-elementor-id=\"23\" class=\"elementor elementor-23\" data-elementor-settings=\"[]\">\n\t\t\t\t\t\t<div class=\"elementor-inner\">\n\t\t\t\t\t\t\t<div class=\"elementor-section-wrap\">\n\t\t\t\t\t\t\t<section class=\"elementor-section elementor-top-section elementor-element elementor-element-2fddfa98 elementor-section-height-min-height elementor-section-boxed elementor-section-height-default elementor-section-items-middle\" data-id=\"2fddfa98\" data-element_type=\"section\" data-settings=\"{&quot;background_background&quot;:&quot;classic&quot;}\">\n\t\t\t\t\t\t<div class=\"elementor-container elementor-column-gap-default\">\n\t\t\t\t\t\t\t<div class=\"elementor-row\">\n\t\t\t\t\t<div class=\"elementor-column elementor-col-100 elementor-top-column elementor-element elementor-element-e27a189\" data-id=\"e27a189\" data-element_type=\"column\">\n\t\t\t<div class=\"elementor-column-wrap elementor-element-populated\">\n\t\t\t\t\t\t\t<div class=\"elementor-widget-wrap\">\n\t\t\t\t\t\t<section class=\"elementor-section elementor-inner-section elementor-element elementor-element-3cfb16b6 elementor-reverse-mobile elementor-section-boxed elementor-section-height-default elementor-section-height-default\" data-id=\"3cfb16b6\" data-element_type=\"section\" data-settings=\"{&quot;background_background&quot;:&quot;classic&quot;}\">\n\t\t\t\t\t\t<div class=\"elementor-container elementor-column-gap-default\">\n\t\t\t\t\t\t\t<div class=\"elementor-row\">\n\t\t\t\t\t<div class=\"elementor-column elementor-col-100 elementor-inner-column elementor-element elementor-element-6d1e1b5a\" data-id=\"6d1e1b5a\" data-element_type=\"column\" data-settings=\"{&quot;background_background&quot;:&quot;classic&quot;}\">\n\t\t\t<div class=\"elementor-column-wrap elementor-element-populated\">\n\t\t\t\t\t\t\t<div class=\"elementor-widget-wrap\">\n\t\t\t\t\t\t<div class=\"elementor-element elementor-element-2b3e453e elementor-widget elementor-widget-heading\" data-id=\"2b3e453e\" data-element_type=\"widget\" data-widget_type=\"heading.default\">\n\t\t\t\t<div class=\"elementor-widget-container\">\n\t\t\t<h2 class=\"elementor-heading-title elementor-size-default\">O FIRMIE<\/h2>\t\t<\/div>\n\t\t\t\t<\/div>\n\t\t\t\t<div class=\"elementor-element elementor-element-36df506f elementor-widget-divider--view-line elementor-widget elementor-widget-divider\" data-id=\"36df506f\" data-element_type=\"widget\" data-widget_type=\"divider.default\">\n\t\t\t\t<div class=\"elementor-widget-container\">\n\t\t\t\t\t<div class=\"elementor-divider\">\n\t\t\t<span class=\"elementor-divider-separator\">\n\t\t\t\t\t\t<\/span>\n\t\t<\/div>\n\t\t\t\t<\/div>\n\t\t\t\t<\/div>\n\t\t\t\t<div class=\"elementor-element elementor-element-3d3f7214 elementor-widget elementor-widget-heading\" data-id=\"3d3f7214\" data-element_type=\"widget\" data-widget_type=\"heading.default\">\n\t\t\t\t<div class=\"elementor-widget-container\">\n\t\t\t<h2 class=\"elementor-heading-title elementor-size-default\">FORNIREX<\/h2>\t\t<\/div>\n\t\t\t\t<\/div>\n\t\t\t\t<div class=\"elementor-element elementor-element-7843c1fd elementor-widget elementor-widget-text-editor\" data-id=\"7843c1fd\" data-element_type=\"widget\" data-widget_type=\"text-editor.default\">\n\t\t\t\t<div class=\"elementor-widget-container\">\n\t\t\t\t\t<div class=\"elementor-text-editor elementor-clearfix\"><p>Nasza firma powsta\u0142a w 2004 roku. Od samego pocz\u0105tku nastawili\u015bmy si\u0119 na to, \u017ce nie chcemy budowa\u0107 wielkiej bezdusznej firmy, a warsztat wystarczaj\u0105co du\u017cy, by zapewni\u0107 nowoczesne maszyny i technologie pracy, ale te\u017c wystarczaj\u0105co ma\u0142y, by zachowa\u0107 odpowiedni\u0105 kontrol\u0119 jako\u015bci i po prostu ludzkie podej\u015bcie. Z tego, co od Was s\u0142yszymy &#8211; jak na razie si\u0119 nam to udaje.\u00a0<\/p><\/div>\n\t\t\t\t<\/div>\n\t\t\t\t<\/div>\n\t\t\t\t\t\t<\/div>\n\t\t\t\t\t<\/div>\n\t\t<\/div>\n\t\t\t\t\t\t\t\t<\/div>\n\t\t\t\t\t<\/div>\n\t\t<\/section>\n\t\t\t\t<section class=\"elementor-section elementor-inner-section elementor-element elementor-element-8b8b804 elementor-reverse-mobile elementor-section-boxed elementor-section-height-default elementor-section-height-default\" data-id=\"8b8b804\" data-element_type=\"section\" data-settings=\"{&quot;background_background&quot;:&quot;classic&quot;}\">\n\t\t\t\t\t\t<div class=\"elementor-container elementor-column-gap-default\">\n\t\t\t\t\t\t\t<div class=\"elementor-row\">\n\t\t\t\t\t<div class=\"elementor-column elementor-col-50 elementor-inner-column elementor-element elementor-element-629a089d\" data-id=\"629a089d\" data-element_type=\"column\">\n\t\t\t<div class=\"elementor-column-wrap elementor-element-populated\">\n\t\t\t\t\t\t\t<div class=\"elementor-widget-wrap\">\n\t\t\t\t\t\t<div class=\"elementor-element elementor-element-57d2b3f1 elementor-position-top elementor-vertical-align-top elementor-invisible elementor-widget elementor-widget-image-box\" data-id=\"57d2b3f1\" data-element_type=\"widget\" data-settings=\"{&quot;_animation&quot;:&quot;fadeInLeft&quot;}\" data-widget_type=\"image-box.default\">\n\t\t\t\t<div class=\"elementor-widget-container\">\n\t\t\t<div class=\"elementor-image-box-wrapper\"><div class=\"elementor-image-box-content\"><h3 class=\"elementor-image-box-title\">Okolice Warszawy<\/h3><p class=\"elementor-image-box-description\">Jeste\u015bmy z Raszyna. Je\u015bli jeste\u015b z Warszawy, dojedziesz tu z Centrum w 20 minut. Je\u015bli jeste\u015b spoza stolicy, trafisz do nas bez potrzeby wje\u017cd\u017cania do miasta.<\/p><\/div><\/div>\t\t<\/div>\n\t\t\t\t<\/div>\n\t\t\t\t<div class=\"elementor-element elementor-element-61adff32 elementor-invisible elementor-widget elementor-widget-image\" data-id=\"61adff32\" data-element_type=\"widget\" data-settings=\"{&quot;_animation&quot;:&quot;fadeInUp&quot;}\" data-widget_type=\"image.default\">\n\t\t\t\t<div class=\"elementor-widget-container\">\n\t\t\t\t\t<div class=\"elementor-image\">\n\t\t\t\t\t\t\t\t\t\t<img width=\"600\" height=\"400\" src=\"http:\/\/www.camino.stronazen.pl\/fornirex\/wp-content\/uploads\/2021\/03\/fornirex-2.jpg\" class=\"attachment-large size-large\" alt=\"Fornirex - warsztat\" loading=\"lazy\" srcset=\"http:\/\/www.camino.stronazen.pl\/fornirex\/wp-content\/uploads\/2021\/03\/fornirex-2.jpg 600w, http:\/\/www.camino.stronazen.pl\/fornirex\/wp-content\/uploads\/2021\/03\/fornirex-2-300x200.jpg 300w\" sizes=\"(max-width: 600px) 100vw, 600px\" \/>\t\t\t\t\t\t\t\t\t\t\t<\/div>\n\t\t\t\t<\/div>\n\t\t\t\t<\/div>\n\t\t\t\t\t\t<\/div>\n\t\t\t\t\t<\/div>\n\t\t<\/div>\n\t\t\t\t<div class=\"elementor-column elementor-col-50 elementor-inner-column elementor-element elementor-element-68a9a629\" data-id=\"68a9a629\" data-element_type=\"column\">\n\t\t\t<div class=\"elementor-column-wrap elementor-element-populated\">\n\t\t\t\t\t\t\t<div class=\"elementor-widget-wrap\">\n\t\t\t\t\t\t<div class=\"elementor-element elementor-element-2892be48 elementor-invisible elementor-widget elementor-widget-image\" data-id=\"2892be48\" data-element_type=\"widget\" data-settings=\"{&quot;_animation&quot;:&quot;fadeInDown&quot;}\" data-widget_type=\"image.default\">\n\t\t\t\t<div class=\"elementor-widget-container\">\n\t\t\t\t\t<div class=\"elementor-image\">\n\t\t\t\t\t\t\t\t\t\t<img width=\"1024\" height=\"576\" src=\"http:\/\/www.camino.stronazen.pl\/fornirex\/wp-content\/uploads\/2021\/03\/Projekt-bez-tytulu-5-kopia-1024x576.png\" class=\"attachment-large size-large\" alt=\"Fornirex - firma rodzinna\" loading=\"lazy\" srcset=\"http:\/\/www.camino.stronazen.pl\/fornirex\/wp-content\/uploads\/2021\/03\/Projekt-bez-tytulu-5-kopia-1024x576.png 1024w, http:\/\/www.camino.stronazen.pl\/fornirex\/wp-content\/uploads\/2021\/03\/Projekt-bez-tytulu-5-kopia-300x169.png 300w, http:\/\/www.camino.stronazen.pl\/fornirex\/wp-content\/uploads\/2021\/03\/Projekt-bez-tytulu-5-kopia-768x432.png 768w, http:\/\/www.camino.stronazen.pl\/fornirex\/wp-content\/uploads\/2021\/03\/Projekt-bez-tytulu-5-kopia-1536x864.png 1536w, http:\/\/www.camino.stronazen.pl\/fornirex\/wp-content\/uploads\/2021\/03\/Projekt-bez-tytulu-5-kopia.png 1920w\" sizes=\"(max-width: 1024px) 100vw, 1024px\" \/>\t\t\t\t\t\t\t\t\t\t\t<\/div>\n\t\t\t\t<\/div>\n\t\t\t\t<\/div>\n\t\t\t\t<div class=\"elementor-element elementor-element-14772b97 elementor-position-top elementor-vertical-align-top elementor-invisible elementor-widget elementor-widget-image-box\" data-id=\"14772b97\" data-element_type=\"widget\" data-settings=\"{&quot;_animation&quot;:&quot;fadeInRight&quot;}\" data-widget_type=\"image-box.default\">\n\t\t\t\t<div class=\"elementor-widget-container\">\n\t\t\t<div class=\"elementor-image-box-wrapper\"><div class=\"elementor-image-box-content\"><h3 class=\"elementor-image-box-title\">Firma rodzinna<\/h3><p class=\"elementor-image-box-description\">Nie jeste\u015bmy korporacj\u0105 - do ka\u017cdego zam\u00f3wienia podchodzimy indywidualnie. To pewnie dlatego, gdy kto\u015b raz spr\u00f3buje wsp\u00f3\u0142pracy z nami, pr\u0119dzej czy p\u00f3\u017aniej wraca z kolejnymi zam\u00f3wieniami czy przysy\u0142a do nas znajomych.<\/p><\/div><\/div>\t\t<\/div>\n\t\t\t\t<\/div>\n\t\t\t\t\t\t<\/div>\n\t\t\t\t\t<\/div>\n\t\t<\/div>\n\t\t\t\t\t\t\t\t<\/div>\n\t\t\t\t\t<\/div>\n\t\t<\/section>\n\t\t\t\t<section class=\"elementor-section elementor-inner-section elementor-element elementor-element-1608b44c elementor-section-boxed elementor-section-height-default elementor-section-height-default\" data-id=\"1608b44c\" data-element_type=\"section\" data-settings=\"{&quot;background_background&quot;:&quot;classic&quot;}\">\n\t\t\t\t\t\t<div class=\"elementor-container elementor-column-gap-default\">\n\t\t\t\t\t\t\t<div class=\"elementor-row\">\n\t\t\t\t\t<div class=\"elementor-column elementor-col-100 elementor-inner-column elementor-element elementor-element-14de6043\" data-id=\"14de6043\" data-element_type=\"column\">\n\t\t\t<div class=\"elementor-column-wrap elementor-element-populated\">\n\t\t\t\t\t\t\t<div class=\"elementor-widget-wrap\">\n\t\t\t\t\t\t<div class=\"elementor-element elementor-element-5a688763 elementor-widget elementor-widget-heading\" data-id=\"5a688763\" data-element_type=\"widget\" data-widget_type=\"heading.default\">\n\t\t\t\t<div class=\"elementor-widget-container\">\n\t\t\t<h2 class=\"elementor-heading-title elementor-size-default\">ZA\u0141O\u017bYCIEL<\/h2>\t\t<\/div>\n\t\t\t\t<\/div>\n\t\t\t\t<div class=\"elementor-element elementor-element-1876aaa0 elementor-widget-divider--view-line elementor-widget elementor-widget-divider\" data-id=\"1876aaa0\" data-element_type=\"widget\" data-widget_type=\"divider.default\">\n\t\t\t\t<div class=\"elementor-widget-container\">\n\t\t\t\t\t<div class=\"elementor-divider\">\n\t\t\t<span class=\"elementor-divider-separator\">\n\t\t\t\t\t\t<\/span>\n\t\t<\/div>\n\t\t\t\t<\/div>\n\t\t\t\t<\/div>\n\t\t\t\t<div class=\"elementor-element elementor-element-490f8879 elementor-widget elementor-widget-heading\" data-id=\"490f8879\" data-element_type=\"widget\" data-widget_type=\"heading.default\">\n\t\t\t\t<div class=\"elementor-widget-container\">\n\t\t\t<h2 class=\"elementor-heading-title elementor-size-default\">STOLARSKA PASJA<\/h2>\t\t<\/div>\n\t\t\t\t<\/div>\n\t\t\t\t\t\t<\/div>\n\t\t\t\t\t<\/div>\n\t\t<\/div>\n\t\t\t\t\t\t\t\t<\/div>\n\t\t\t\t\t<\/div>\n\t\t<\/section>\n\t\t\t\t<section class=\"elementor-section elementor-inner-section elementor-element elementor-element-2bd7a966 elementor-section-boxed elementor-section-height-default elementor-section-height-default\" data-id=\"2bd7a966\" data-element_type=\"section\" data-settings=\"{&quot;background_background&quot;:&quot;classic&quot;}\">\n\t\t\t\t\t\t<div class=\"elementor-container elementor-column-gap-default\">\n\t\t\t\t\t\t\t<div class=\"elementor-row\">\n\t\t\t\t\t<div class=\"elementor-column elementor-col-50 elementor-inner-column elementor-element elementor-element-11e671ca\" data-id=\"11e671ca\" data-element_type=\"column\">\n\t\t\t<div class=\"elementor-column-wrap elementor-element-populated\">\n\t\t\t\t\t\t\t<div class=\"elementor-widget-wrap\">\n\t\t\t\t\t\t<div class=\"elementor-element elementor-element-750e67d9 elementor-invisible elementor-widget elementor-widget-image\" data-id=\"750e67d9\" data-element_type=\"widget\" data-settings=\"{&quot;_animation&quot;:&quot;fadeInDown&quot;}\" data-widget_type=\"image.default\">\n\t\t\t\t<div class=\"elementor-widget-container\">\n\t\t\t\t\t<div class=\"elementor-image\">\n\t\t\t\t\t\t\t\t\t\t<img width=\"314\" height=\"468\" src=\"http:\/\/www.camino.stronazen.pl\/fornirex\/wp-content\/uploads\/2021\/03\/Projekt_bez_tytulu-4-removebg-preview.png\" class=\"attachment-large size-large\" alt=\"Pawe\u0142 Staszewski FORNIREX\" loading=\"lazy\" srcset=\"http:\/\/www.camino.stronazen.pl\/fornirex\/wp-content\/uploads\/2021\/03\/Projekt_bez_tytulu-4-removebg-preview.png 314w, http:\/\/www.camino.stronazen.pl\/fornirex\/wp-content\/uploads\/2021\/03\/Projekt_bez_tytulu-4-removebg-preview-201x300.png 201w\" sizes=\"(max-width: 314px) 100vw, 314px\" \/>\t\t\t\t\t\t\t\t\t\t\t<\/div>\n\t\t\t\t<\/div>\n\t\t\t\t<\/div>\n\t\t\t\t\t\t<\/div>\n\t\t\t\t\t<\/div>\n\t\t<\/div>\n\t\t\t\t<div class=\"elementor-column elementor-col-50 elementor-inner-column elementor-element elementor-element-48bd1f8c\" data-id=\"48bd1f8c\" data-element_type=\"column\">\n\t\t\t<div class=\"elementor-column-wrap elementor-element-populated\">\n\t\t\t\t\t\t\t<div class=\"elementor-widget-wrap\">\n\t\t\t\t\t\t<div class=\"elementor-element elementor-element-3a1995c7 elementor-position-left elementor-vertical-align-top elementor-invisible elementor-widget elementor-widget-image-box\" data-id=\"3a1995c7\" data-element_type=\"widget\" data-settings=\"{&quot;_animation&quot;:&quot;fadeInRight&quot;}\" data-widget_type=\"image-box.default\">\n\t\t\t\t<div class=\"elementor-widget-container\">\n\t\t\t<div class=\"elementor-image-box-wrapper\"><div class=\"elementor-image-box-content\"><h3 class=\"elementor-image-box-title\">Pawe\u0142 Staszewski<\/h3><p class=\"elementor-image-box-description\">Stolarstwo towarzyszy\u0142o mi od kiedy pami\u0119tam. Pomaga\u0142em w warsztacie mojego taty, uko\u0144czy\u0142em odpowiedni\u0105 szko\u0142\u0119, a po jakim\u015b czasie za\u0142o\u017cy\u0142em Fornirex. Gdy czuj\u0119 pod r\u0119k\u0105 drewno, a w powietrzu unosi si\u0119 jego zapach - wiem, \u017ce jestem na swoim miejscu.<\/p><\/div><\/div>\t\t<\/div>\n\t\t\t\t<\/div>\n\t\t\t\t\t\t<\/div>\n\t\t\t\t\t<\/div>\n\t\t<\/div>\n\t\t\t\t\t\t\t\t<\/div>\n\t\t\t\t\t<\/div>\n\t\t<\/section>\n\t\t\t\t\t\t<\/div>\n\t\t\t\t\t<\/div>\n\t\t<\/div>\n\t\t\t\t\t\t\t\t<\/div>\n\t\t\t\t\t<\/div>\n\t\t<\/section>\n\t\t\t\t<section class=\"elementor-section elementor-top-section elementor-element elementor-element-4645f815 elementor-section-content-middle elementor-section-boxed elementor-section-height-default elementor-section-height-default\" data-id=\"4645f815\" data-element_type=\"section\">\n\t\t\t\t\t\t<div class=\"elementor-container elementor-column-gap-default\">\n\t\t\t\t\t\t\t<div class=\"elementor-row\">\n\t\t\t\t\t<div class=\"elementor-column elementor-col-50 elementor-top-column elementor-element elementor-element-48357df6\" data-id=\"48357df6\" data-element_type=\"column\">\n\t\t\t<div class=\"elementor-column-wrap elementor-element-populated\">\n\t\t\t\t\t\t\t<div class=\"elementor-widget-wrap\">\n\t\t\t\t\t\t<div class=\"elementor-element elementor-element-245020cd elementor-widget elementor-widget-heading\" data-id=\"245020cd\" data-element_type=\"widget\" data-widget_type=\"heading.default\">\n\t\t\t\t<div class=\"elementor-widget-container\">\n\t\t\t<h2 class=\"elementor-heading-title elementor-size-large\">NASZ WARSZTAT<\/h2>\t\t<\/div>\n\t\t\t\t<\/div>\n\t\t\t\t<div class=\"elementor-element elementor-element-10db4d3b elementor-widget-divider--view-line elementor-widget elementor-widget-divider\" data-id=\"10db4d3b\" data-element_type=\"widget\" data-widget_type=\"divider.default\">\n\t\t\t\t<div class=\"elementor-widget-container\">\n\t\t\t\t\t<div class=\"elementor-divider\">\n\t\t\t<span class=\"elementor-divider-separator\">\n\t\t\t\t\t\t<\/span>\n\t\t<\/div>\n\t\t\t\t<\/div>\n\t\t\t\t<\/div>\n\t\t\t\t<div class=\"elementor-element elementor-element-270f9ae6 elementor-icon-list--layout-traditional elementor-list-item-link-full_width elementor-widget elementor-widget-icon-list\" data-id=\"270f9ae6\" data-element_type=\"widget\" data-widget_type=\"icon-list.default\">\n\t\t\t\t<div class=\"elementor-widget-container\">\n\t\t\t\t\t<ul class=\"elementor-icon-list-items\">\n\t\t\t\t\t\t\t<li class=\"elementor-icon-list-item\">\n\t\t\t\t\t\t\t\t\t\t\t<span class=\"elementor-icon-list-icon\">\n\t\t\t\t\t\t\t<i aria-hidden=\"true\" class=\"fas fa-map-marker-alt\"><\/i>\t\t\t\t\t\t<\/span>\n\t\t\t\t\t\t\t\t\t\t<span class=\"elementor-icon-list-text\">Fornirex, ul. Jarz\u0105bka 1, 05-090 Rybie<\/span>\n\t\t\t\t\t\t\t\t\t<\/li>\n\t\t\t\t\t\t\t\t<li class=\"elementor-icon-list-item\">\n\t\t\t\t\t<a href=\"mailto:%20fornirex@staszewscy.pl\">\t\t\t\t\t\t<span class=\"elementor-icon-list-icon\">\n\t\t\t\t\t\t\t<i aria-hidden=\"true\" class=\"fas fa-envelope-square\"><\/i>\t\t\t\t\t\t<\/span>\n\t\t\t\t\t\t\t\t\t\t<span class=\"elementor-icon-list-text\">fornirex@staszewscy.pl<\/span>\n\t\t\t\t\t\t\t\t\t\t\t<\/a>\n\t\t\t\t\t\t\t\t\t<\/li>\n\t\t\t\t\t\t\t\t<li class=\"elementor-icon-list-item\">\n\t\t\t\t\t<a href=\"tel:%20504230865\">\t\t\t\t\t\t<span class=\"elementor-icon-list-icon\">\n\t\t\t\t\t\t\t<i aria-hidden=\"true\" class=\"fas fa-phone-square\"><\/i>\t\t\t\t\t\t<\/span>\n\t\t\t\t\t\t\t\t\t\t<span class=\"elementor-icon-list-text\">504 230 865<\/span>\n\t\t\t\t\t\t\t\t\t\t\t<\/a>\n\t\t\t\t\t\t\t\t\t<\/li>\n\t\t\t\t\t\t\t\t<li class=\"elementor-icon-list-item\">\n\t\t\t\t\t\t\t\t\t\t\t<span class=\"elementor-icon-list-icon\">\n\t\t\t\t\t\t\t<i aria-hidden=\"true\" class=\"fas fa-fax\"><\/i>\t\t\t\t\t\t<\/span>\n\t\t\t\t\t\t\t\t\t\t<span class=\"elementor-icon-list-text\">NIP: 522-235-70-24<\/span>\n\t\t\t\t\t\t\t\t\t<\/li>\n\t\t\t\t\t\t<\/ul>\n\t\t\t\t<\/div>\n\t\t\t\t<\/div>\n\t\t\t\t\t\t<\/div>\n\t\t\t\t\t<\/div>\n\t\t<\/div>\n\t\t\t\t<div class=\"elementor-column elementor-col-50 elementor-top-column elementor-element elementor-element-5e2d0d1f\" data-id=\"5e2d0d1f\" data-element_type=\"column\">\n\t\t\t<div class=\"elementor-column-wrap elementor-element-populated\">\n\t\t\t\t\t\t\t<div class=\"elementor-widget-wrap\">\n\t\t\t\t\t\t<div class=\"elementor-element elementor-element-44b8169d elementor-widget elementor-widget-google_maps\" data-id=\"44b8169d\" data-element_type=\"widget\" data-widget_type=\"google_maps.default\">\n\t\t\t\t<div class=\"elementor-widget-container\">\n\t\t\t<div class=\"elementor-custom-embed\"><iframe frameborder=\"0\" scrolling=\"no\" marginheight=\"0\" marginwidth=\"0\" src=\"https:\/\/maps.google.com\/maps?q=Fornirex%2C%20Rybie%2C%20ul.%20Jarz%C4%85bka%201&amp;t=m&amp;z=12&amp;output=embed&amp;iwloc=near\" title=\"Fornirex, Rybie, ul. Jarz\u0105bka 1\" aria-label=\"Fornirex, Rybie, ul. Jarz\u0105bka 1\"><\/iframe><\/div>\t\t<\/div>\n\t\t\t\t<\/div>\n\t\t\t\t\t\t<\/div>\n\t\t\t\t\t<\/div>\n\t\t<\/div>\n\t\t\t\t\t\t\t\t<\/div>\n\t\t\t\t\t<\/div>\n\t\t<\/section>\n\t\t\t\t\t\t<\/div>\n\t\t\t\t\t\t<\/div>\n\t\t\t\t\t<\/div>\n\t\t","protected":false},"excerpt":{"rendered":"<p>O FIRMIE FORNIREX Nasza firma powsta\u0142a w 2004 roku. Od samego pocz\u0105tku nastawili\u015bmy si\u0119 na to, \u017ce nie chcemy budowa\u0107 wielkiej bezdusznej firmy, a warsztat wystarczaj\u0105co du\u017cy, by zapewni\u0107 nowoczesne maszyny i technologie pracy, ale te\u017c wystarczaj\u0105co ma\u0142y, by zachowa\u0107 odpowiedni\u0105 kontrol\u0119 jako\u015bci i po prostu ludzkie podej\u015bcie. Z tego, co od Was s\u0142yszymy &#8211;&hellip;&nbsp;<a href=\"http:\/\/www.camino.stronazen.pl\/fornirex\/index.php\/o-firmie\/\" class=\"\" rel=\"bookmark\">Czytaj wi\u0119cej &raquo;<span class=\"screen-reader-text\">O firmie Fornirex<\/span><\/a><\/p>\n","protected":false},"author":1,"featured_media":2417,"parent":0,"menu_order":0,"comment_status":"closed","ping_status":"closed","template":"elementor_header_footer","meta":{"neve_meta_sidebar":"","neve_meta_container":"","neve_meta_enable_content_width":"","neve_meta_content_width":0,"neve_meta_title_alignment":"","neve_meta_author_avatar":"","neve_post_elements_order":"","neve_meta_disable_header":"","neve_meta_disable_footer":"","neve_meta_disable_title":""},"yoast_head":"<!-- This site is optimized with the Yoast SEO plugin v16.0.2 - https:\/\/yoast.com\/wordpress\/plugins\/seo\/ -->\n<title>Fornirex Raszyn - dowiedz si\u0119 wi\u0119cej o naszej firmie<\/title>\n<meta name=\"description\" content=\"Jeste\u015bmy wystarczaj\u0105co duzi, by u\u017cywa\u0107 nowoczesnych technologii i wystarczaj\u0105co mali, by dba\u0107 o jako\u015b\u0107 i ludzkie podej\u015bcie.\" \/>\n<link rel=\"canonical\" href=\"http:\/\/www.camino.stronazen.pl\/fornirex\/index.php\/o-firmie\/\" \/>\n<meta property=\"og:locale\" content=\"pl_PL\" \/>\n<meta property=\"og:type\" content=\"article\" \/>\n<meta property=\"og:title\" content=\"Fornirex Raszyn - dowiedz si\u0119 wi\u0119cej o naszej firmie\" \/>\n<meta property=\"og:description\" content=\"Jeste\u015bmy wystarczaj\u0105co duzi, by u\u017cywa\u0107 nowoczesnych technologii i wystarczaj\u0105co mali, by dba\u0107 o jako\u015b\u0107 i ludzkie podej\u015bcie.\" \/>\n<meta property=\"og:url\" content=\"http:\/\/www.camino.stronazen.pl\/fornirex\/index.php\/o-firmie\/\" \/>\n<meta property=\"og:site_name\" content=\"Fornirex\" \/>\n<meta property=\"article:modified_time\" content=\"2022-01-20T17:42:20+00:00\" \/>\n<meta property=\"og:image\" content=\"http:\/\/www.camino.stronazen.pl\/fornirex\/wp-content\/uploads\/2021\/03\/Projekt-bez-tytulu-6-2.png\" \/>\n\t<meta property=\"og:image:width\" content=\"1920\" \/>\n\t<meta property=\"og:image:height\" content=\"1080\" \/>\n<meta name=\"twitter:card\" content=\"summary_large_image\" \/>\n<meta name=\"twitter:label1\" content=\"Est. reading time\">\n\t<meta name=\"twitter:data1\" content=\"2 minuty\">\n<script type=\"application\/ld+json\" class=\"yoast-schema-graph\">{\"@context\":\"https:\/\/schema.org\",\"@graph\":[{\"@type\":\"WebSite\",\"@id\":\"http:\/\/www.camino.stronazen.pl\/fornirex\/#website\",\"url\":\"http:\/\/www.camino.stronazen.pl\/fornirex\/\",\"name\":\"Fornirex\",\"description\":\"Testowa strona\",\"potentialAction\":[{\"@type\":\"SearchAction\",\"target\":\"http:\/\/www.camino.stronazen.pl\/fornirex\/?s={search_term_string}\",\"query-input\":\"required name=search_term_string\"}],\"inLanguage\":\"pl-PL\"},{\"@type\":\"ImageObject\",\"@id\":\"http:\/\/www.camino.stronazen.pl\/fornirex\/index.php\/o-firmie\/#primaryimage\",\"inLanguage\":\"pl-PL\",\"url\":\"http:\/\/www.camino.stronazen.pl\/fornirex\/wp-content\/uploads\/2021\/03\/Projekt-bez-tytulu-6-2.png\",\"width\":1920,\"height\":1080,\"caption\":\"Fornirex - Raszyn\"},{\"@type\":\"WebPage\",\"@id\":\"http:\/\/www.camino.stronazen.pl\/fornirex\/index.php\/o-firmie\/#webpage\",\"url\":\"http:\/\/www.camino.stronazen.pl\/fornirex\/index.php\/o-firmie\/\",\"name\":\"Fornirex Raszyn - dowiedz si\\u0119 wi\\u0119cej o naszej firmie\",\"isPartOf\":{\"@id\":\"http:\/\/www.camino.stronazen.pl\/fornirex\/#website\"},\"primaryImageOfPage\":{\"@id\":\"http:\/\/www.camino.stronazen.pl\/fornirex\/index.php\/o-firmie\/#primaryimage\"},\"datePublished\":\"2021-03-11T12:57:17+00:00\",\"dateModified\":\"2022-01-20T17:42:20+00:00\",\"description\":\"Jeste\\u015bmy wystarczaj\\u0105co duzi, by u\\u017cywa\\u0107 nowoczesnych technologii i wystarczaj\\u0105co mali, by dba\\u0107 o jako\\u015b\\u0107 i ludzkie podej\\u015bcie.\",\"breadcrumb\":{\"@id\":\"http:\/\/www.camino.stronazen.pl\/fornirex\/index.php\/o-firmie\/#breadcrumb\"},\"inLanguage\":\"pl-PL\",\"potentialAction\":[{\"@type\":\"ReadAction\",\"target\":[\"http:\/\/www.camino.stronazen.pl\/fornirex\/index.php\/o-firmie\/\"]}]},{\"@type\":\"BreadcrumbList\",\"@id\":\"http:\/\/www.camino.stronazen.pl\/fornirex\/index.php\/o-firmie\/#breadcrumb\",\"itemListElement\":[{\"@type\":\"ListItem\",\"position\":1,\"item\":{\"@type\":\"WebPage\",\"@id\":\"http:\/\/www.camino.stronazen.pl\/fornirex\/\",\"url\":\"http:\/\/www.camino.stronazen.pl\/fornirex\/\",\"name\":\"Strona g\\u0142\\u00f3wna\"}},{\"@type\":\"ListItem\",\"position\":2,\"item\":{\"@type\":\"WebPage\",\"@id\":\"http:\/\/www.camino.stronazen.pl\/fornirex\/index.php\/o-firmie\/\",\"url\":\"http:\/\/www.camino.stronazen.pl\/fornirex\/index.php\/o-firmie\/\",\"name\":\"O firmie Fornirex\"}}]}]}<\/script>\n<!-- \/ Yoast SEO plugin. -->","_links":{"self":[{"href":"http:\/\/www.camino.stronazen.pl\/fornirex\/index.php\/wp-json\/wp\/v2\/pages\/23"}],"collection":[{"href":"http:\/\/www.camino.stronazen.pl\/fornirex\/index.php\/wp-json\/wp\/v2\/pages"}],"about":[{"href":"http:\/\/www.camino.stronazen.pl\/fornirex\/index.php\/wp-json\/wp\/v2\/types\/page"}],"author":[{"embeddable":true,"href":"http:\/\/www.camino.stronazen.pl\/fornirex\/index.php\/wp-json\/wp\/v2\/users\/1"}],"replies":[{"embeddable":true,"href":"http:\/\/www.camino.stronazen.pl\/fornirex\/index.php\/wp-json\/wp\/v2\/comments?post=23"}],"version-history":[{"count":38,"href":"http:\/\/www.camino.stronazen.pl\/fornirex\/index.php\/wp-json\/wp\/v2\/pages\/23\/revisions"}],"predecessor-version":[{"id":2530,"href":"http:\/\/www.camino.stronazen.pl\/fornirex\/index.php\/wp-json\/wp\/v2\/pages\/23\/revisions\/2530"}],"wp:featuredmedia":[{"embeddable":true,"href":"http:\/\/www.camino.stronazen.pl\/fornirex\/index.php\/wp-json\/wp\/v2\/media\/2417"}],"wp:attachment":[{"href":"http:\/\/www.camino.stronazen.pl\/fornirex\/index.php\/wp-json\/wp\/v2\/media?parent=23"}],"curies":[{"name":"wp","href":"https:\/\/api.w.org\/{rel}","templated":true}]}}